{"id":7002,"date":"2022-09-20T16:50:23","date_gmt":"2022-09-20T19:50:23","guid":{"rendered":"https:\/\/espacocorda.com\/loja\/?post_type=product&#038;p=7002"},"modified":"2022-09-24T18:36:53","modified_gmt":"2022-09-24T21:36:53","slug":"e-se-a-terra-for","status":"publish","type":"product","link":"https:\/\/espacocorda.com\/loja\/product\/e-se-a-terra-for\/","title":{"rendered":"E se a terra for redonda?"},"content":{"rendered":"<div class=\"row\">\n<div class=\"col-lg-7 col-md-7 col-sm-12 col-xs-12\">\n<div class=\"description-left\">\n<h2>A s\u00e9rie<\/h2>\n<p>Depois de meses vendo suas roupas ficarem totalmente manchadas por \u00e1gua sanit\u00e1ria, o artista achou que poderia usar esse tipo de suporte para uma s\u00e9rie de novas obras.<\/p>\n<p>Todos o lucro dessa exposi\u00e7\u00e3o ser\u00e1 revertido para institui\u00e7\u00f5es que promovem educa\u00e7\u00e3o musical gratuita na cidade do Rio de Janeiro.<\/p>\n<h2>O artista<\/h2>\n<div class=\"m-b-80\">\n<p>Reinaldo Figueiredo \u00e9 carioca. Come\u00e7ou a trabalhar como cartunista e ilustrador no seman\u00e1rio de humor O Pasquim, onde ficou de 1974 a 1985. Em 1984, foi um dos fundadores do tabloide mensal O Planeta Di\u00e1rio. Depois, o Planeta Di\u00e1rio se juntou com a Casseta Popular e surgiu o grupo Casseta &amp; Planeta.Reinaldo publicou cinco livros: Esc\u00e2ndalos Ilustrados (1984), Desenhos de Humor (2007), Noites de Aut\u00f3grafos (2010), A Arte de Zoar (2014) e Paradas Musicais (2021). Publicou quadrinhos em O Globo, foi colunista da Folha de S. Paulo e atualmente \u00e9 colaborador da revista Piau\u00ed. O desenhista tamb\u00e9m \u00e9 m\u00fasico. Tocava baixo el\u00e9trico nos shows do Casseta &amp; Planeta e toca contrabaixo no quarteto Companhia Estadual de Jazz (CEJ). Desde 2013 apresenta o programa A Volta ao Jazz em 80 Mundos, na R\u00e1dio Batuta (r\u00e1dio online do Instituto Moreira Salles).<\/p>\n<\/div>\n<\/div>\n<h2>Informa\u00e7\u00f5es adicionais<\/h2>\n<ul>\n<li>Artista: Reinaldo Figueiredo<\/li>\n<li>T\u00e9cnica: \u00c1gua sanit\u00e1ria sobre tecido<\/li>\n<li>Formato: 80x65cm<\/li>\n<li>Cores: Preto e tons da rea\u00e7\u00e3o da \u00e1gua com o tecido<\/li>\n<li>O valor \u00e9 referente \u00e0 obra sem moldura. Para mais informa\u00e7\u00f5es, entre em contato pelo e-mail <a href=\"mailto:pablo@espacocorda.com\">pablo@espacocorda.com<\/a><\/li>\n<\/ul>\n<\/div>\n<div class=\"col-lg-5 col-md-5 col-sm-12 col-xs-12\">\n<div class=\"description-right\">\n<p style=\"text-align: center;\">\n<\/div>\n<\/div>\n<\/div>\n","protected":false},"excerpt":{"rendered":"<p>No m\u00eas de dezembro de 2020, durante a pandemia de Covid 19, enquanto o Brasil e o mundo passavam por um processo de descaralhamento generalizado, Reinaldo Figueiredo sofreu um incontrol\u00e1vel surto de indigna\u00e7\u00e3o que acabou dando origem a esta s\u00e9rie que virou exposi\u00e7\u00e3o.<\/p>\n","protected":false},"featured_media":6963,"template":"","meta":[],"product_brand":[],"product_cat":[299,298,95],"product_tag":[301,300],"class_list":{"0":"post-7002","1":"product","2":"type-product","3":"status-publish","4":"has-post-thumbnail","6":"product_cat-agua-sanitaria-sobre-tecido","7":"product_cat-reinaldo-figueiredo","8":"product_cat-artistas","9":"product_tag-agua-sanitaria","10":"product_tag-reinaldo","11":"product_shipping_class-class1","13":"first","14":"instock","15":"sold-individually","16":"taxable","17":"shipping-taxable","18":"purchasable","19":"product-type-simple"},"_links":{"self":[{"href":"https:\/\/espacocorda.com\/loja\/wp-json\/wp\/v2\/product\/7002","targetHints":{"allow":["GET"]}}],"collection":[{"href":"https:\/\/espacocorda.com\/loja\/wp-json\/wp\/v2\/product"}],"about":[{"href":"https:\/\/espacocorda.com\/loja\/wp-json\/wp\/v2\/types\/product"}],"wp:featuredmedia":[{"embeddable":true,"href":"https:\/\/espacocorda.com\/loja\/wp-json\/wp\/v2\/media\/6963"}],"wp:attachment":[{"href":"https:\/\/espacocorda.com\/loja\/wp-json\/wp\/v2\/media?parent=7002"}],"wp:term":[{"taxonomy":"product_brand","embeddable":true,"href":"https:\/\/espacocorda.com\/loja\/wp-json\/wp\/v2\/product_brand?post=7002"},{"taxonomy":"product_cat","embeddable":true,"href":"https:\/\/espacocorda.com\/loja\/wp-json\/wp\/v2\/product_cat?post=7002"},{"taxonomy":"product_tag","embeddable":true,"href":"https:\/\/espacocorda.com\/loja\/wp-json\/wp\/v2\/product_tag?post=7002"}],"curies":[{"name":"wp","href":"https:\/\/api.w.org\/{rel}","templated":true}]}}