{"id":4438,"date":"2018-11-29T01:16:49","date_gmt":"2018-11-29T01:16:49","guid":{"rendered":"http:\/\/trebol.nanothemes.co\/?page_id=4438"},"modified":"2020-06-04T16:59:16","modified_gmt":"2020-06-04T19:59:16","slug":"politicadeprivacidade","status":"publish","type":"page","link":"https:\/\/espacocorda.com\/loja\/politicadeprivacidade\/","title":{"rendered":"Pol\u00edtica de Privacidade"},"content":{"rendered":"<p>[vc_row][vc_column][vc_empty_space height=&#8221;54px&#8221; el_class=&#8221;hidden-md hidden-sm hidden-xs&#8221;][vc_column_text]<\/p>\n<div class=\"policy-page\">\n<div class=\"policy-page-content\">\n<div class=\"policy-page-top\">\n<h4><b>POL\u00cdTICA DE PRIVACIDADE ESPA\u00c7O CORDA<\/b><\/h4>\n<h4><\/h4>\n<h4><b>SE\u00c7\u00c3O 1 &#8211; O QUE FAREMOS COM ESTA INFORMA\u00c7\u00c3O?<\/b><\/h4>\n<p><span style=\"font-weight: 400;\">A CORDA valoriza a privacidade de seus clientes e disponibiliza esta Pol\u00edtica de Privacidade para demonstrar seu compromisso em proteger seus Dados Pessoais, nos termos da Lei Geral de Prote\u00e7\u00e3o de Dados (LGPD \u2013 Lei n\u00ba 13.709, de 14\/8\/2018), e demais leis sobre o tema, bem como descrever de que forma sua privacidade \u00e9 protegida pela empresa ao coletar, tratar e armazenar informa\u00e7\u00f5es pessoais.<\/span><\/p>\n<p>&nbsp;<\/p>\n<p><span style=\"font-weight: 400;\">Assim, quando voc\u00ea realiza alguma transa\u00e7\u00e3o com nossa loja f\u00edsica, como parte do processo de compra e venda, coletamos as informa\u00e7\u00f5es pessoais que voc\u00ea nos d\u00e1 tais como: nome, e-mail e endere\u00e7o.<\/span><\/p>\n<p>&nbsp;<\/p>\n<p><span style=\"font-weight: 400;\">J\u00e1 quando voc\u00ea acessa nosso <\/span><i><span style=\"font-weight: 400;\">site<\/span><\/i><span style=\"font-weight: 400;\">, tamb\u00e9m recebemos automaticamente o protocolo de internet do seu computador, endere\u00e7o de IP, a fim de obtermos informa\u00e7\u00f5es que nos ajudem a entender sobre seu navegador e sistema operacional.<\/span><\/p>\n<p>&nbsp;<\/p>\n<p><span style=\"font-weight: 400;\">O e-mail Marketing ser\u00e1 enviado apenas se voc\u00ea permitir. Nestes e-mails, voc\u00ea poder\u00e1 receber not\u00edcias sobre nossa loja, novos produtos e outras atualiza\u00e7\u00f5es.<\/span><\/p>\n<h4><\/h4>\n<h4><b>SE\u00c7\u00c3O 2 \u2013 CONSENTIMENTO<\/b><\/h4>\n<p><span style=\"font-weight: 400;\">O consentimento nada mais \u00e9 do que a autoriza\u00e7\u00e3o expressa e inequ\u00edvoca dada pelo titular do dado pessoal ou por seu Respons\u00e1vel Legal para que a CORDA trate as referidas informa\u00e7\u00f5es para uma finalidade previamente descrita, cuja legisla\u00e7\u00e3o demanda a autoriza\u00e7\u00e3o expressa do titular<\/span><\/p>\n<p>&nbsp;<\/p>\n<p><span style=\"font-weight: 400;\">Esta pol\u00edtica se aplica, em geral, a todos os clientes dos produtos e\/ou servi\u00e7os oferecidos pela CORDA, e resume como a empresa poder\u00e1 coletar, produzir, receptar, classificar, utilizar, acessar, reproduzir, transmitir, distribuir, processar, arquivar, armazenar, eliminar, avaliar ou controlar a informa\u00e7\u00e3o, modificar, comunicar, transferir, difundir ou extrair os dados coletados, incluindo as informa\u00e7\u00f5es de identifica\u00e7\u00e3o pessoal, de acordo com as bases legais aplic\u00e1veis relativas \u00e0 privacidade e prote\u00e7\u00e3o de dados em vigor.<\/span><\/p>\n<p>&nbsp;<\/p>\n<p><span style=\"font-weight: 400;\">Ao comprar e\/ou utilizar os servi\u00e7os prestados pela CORDA, o cliente declara ter capacidade plena e expressa para a aceita\u00e7\u00e3o dos termos e condi\u00e7\u00f5es desta Pol\u00edtica de Privacidade para todos os fins de direito.<\/span><\/p>\n<p>&nbsp;<\/p>\n<p><span style=\"font-weight: 400;\">Como o consentimento \u00e9 dado?<\/span><\/p>\n<p><span style=\"font-weight: 400;\">O consentimento \u00e9 dado quando voc\u00ea fornece informa\u00e7\u00f5es pessoais como nome, telefone e endere\u00e7o, para completar: i) uma transa\u00e7\u00e3o, ii) verificar seu cart\u00e3o de cr\u00e9dito, iii) fazer um pedido, iv) providenciar uma entrega ou v) retornar uma compra.\u00a0<\/span><\/p>\n<p>&nbsp;<\/p>\n<p><span style=\"font-weight: 400;\">Ap\u00f3s a realiza\u00e7\u00e3o das referidas a\u00e7\u00f5es, entendemos que voc\u00ea est\u00e1 de acordo com a coleta de dados para serem utilizados pela nossa empresa.<\/span><\/p>\n<p>&nbsp;<\/p>\n<p><span style=\"font-weight: 400;\">Se as suas informa\u00e7\u00f5es pessoais forem solicitadas por raz\u00f5es secund\u00e1rias, como, por exemplo, <\/span><i><span style=\"font-weight: 400;\">marketing<\/span><\/i><span style=\"font-weight: 400;\">, vamos solicitar expressamente o seu consentimento para tanto, ou lhe fornecer a op\u00e7\u00e3o de n\u00e3o fornecer seus dados pessoais.<\/span><\/p>\n<p>&nbsp;<\/p>\n<p><span style=\"font-weight: 400;\">E se, ap\u00f3s dado o consentimento, voc\u00ea desista de disponibilizar seus dados para a CORDA? Como proceder?<\/span><\/p>\n<p>&nbsp;<\/p>\n<p><span style=\"font-weight: 400;\">Se ap\u00f3s voc\u00ea nos fornecer seus dados, houver uma mudan\u00e7a de ideia, basta que nos envie uma comunica\u00e7\u00e3o, seja via carta, seja via e-mail (endere\u00e7os abaixo indicados), solicitando que os dados informados n\u00e3o mais sejam utilizados e\/ou divulgados pela empresa:\u00a0<\/span><\/p>\n<p><b>Correspond\u00eancia f\u00edsica<\/b><span style=\"font-weight: 400;\">:<\/span> <span style=\"font-weight: 400;\">DADOS\u00a0<\/span><\/p>\n<p><b>Correspond\u00eancia eletr\u00f4nica: <\/b><span style=\"font-weight: 400;\">DADOS<\/span><\/p>\n<h4><\/h4>\n<h4><b>SE\u00c7\u00c3O 3 \u2013 COLETA E USOS DE INFORMA\u00c7\u00d5ES PESSOAIS<\/b><\/h4>\n<p><span style=\"font-weight: 400;\">O cliente est\u00e1 ciente de que fornece informa\u00e7\u00f5es, de forma consciente e volunt\u00e1ria, dos seus Dados Pessoais, por meio de compra e venda em lojas f\u00edsicas ou pelo <\/span><i><span style=\"font-weight: 400;\">site <\/span><\/i><span style=\"font-weight: 400;\">da CORDA.\u00a0<\/span><\/p>\n<p><span style=\"font-weight: 400;\">As informa\u00e7\u00f5es pessoais dos clientes e\/ou Respons\u00e1veis Legais que forem passadas \u00e0 CORDA ser\u00e3o coletadas por meios \u00e9ticos e legais, podendo ter um ou mais prop\u00f3sitos, sobre os quais os clientes ser\u00e3o informados.<\/span><\/p>\n<p><span style=\"font-weight: 400;\">A CORDA poder\u00e1 divulgar os Dados Pessoais coletados a terceiros, nas seguintes situa\u00e7\u00f5es e nos limites exigidos e autorizados pela Lei:<\/span><\/p>\n<ol>\n<li><span style=\"font-weight: 400;\"> Com as empresas e indiv\u00edduos contratados para a execu\u00e7\u00e3o de determinadas atividades e servi\u00e7os em nome da CORDA (como transporte, entre outros).<\/span><\/li>\n<li><span style=\"font-weight: 400;\"> Com empresas do grupo.<\/span><\/li>\n<\/ol>\n<p><span style=\"font-weight: 400;\">III. Com fornecedores e parceiros para consecu\u00e7\u00e3o dos servi\u00e7os contratados com a CORDA (como tecnologia da informa\u00e7\u00e3o, contabilidade, jur\u00eddico, entre outros).<\/span><\/p>\n<ol>\n<li><span style=\"font-weight: 400;\"> Para prop\u00f3sitos administrativos como: pesquisa, planejamento, desenvolvimento de servi\u00e7os, seguran\u00e7a e gerenciamento de risco.<\/span><\/li>\n<li><span style=\"font-weight: 400;\"> Quando necess\u00e1rio em decorr\u00eancia de obriga\u00e7\u00e3o legal, determina\u00e7\u00e3o de autoridade competente, ou decis\u00e3o judicial.<\/span><\/li>\n<\/ol>\n<p><span style=\"font-weight: 400;\">Nas hip\u00f3teses de compartilhamento de Dados Pessoais com terceiros, todos os sujeitos mencionados nos itens I a V dever\u00e3o utilizar os Dados Pessoais partilhados de maneira consistente e de acordo com os prop\u00f3sitos para os quais foram coletados (ou com os quais o cliente consentiu previamente) e de acordo com o que foi determinado por esta Pol\u00edtica de Privacidade, e todas as leis de privacidade e prote\u00e7\u00e3o de dados aplic\u00e1veis.<\/span><\/p>\n<h4 class=\"rte\"><\/h4>\n<h4><b>SE\u00c7\u00c3O 4 &#8211; SERVI\u00c7OS DE TERCEIROS<\/b><\/h4>\n<p><span style=\"font-weight: 400;\">No geral, os fornecedores terceirizados usados por n\u00f3s ir\u00e3o apenas coletar, usar e divulgar suas informa\u00e7\u00f5es na medida do necess\u00e1rio para permitir a realiza\u00e7\u00e3o dos servi\u00e7os prestados \u00e0 CORDA.<\/span><\/p>\n<p>&nbsp;<\/p>\n<p><span style=\"font-weight: 400;\">Entretanto, certos fornecedores de servi\u00e7os terceirizados, tais como <\/span><i><span style=\"font-weight: 400;\">gateways<\/span><\/i><span style=\"font-weight: 400;\"> de pagamento e outros processadores de transa\u00e7\u00e3o de pagamento, t\u00eam suas pr\u00f3prias pol\u00edticas de privacidade referentes \u00e0 informa\u00e7\u00e3o que somos obrigados a fornecer para a pr\u00e1tica das transa\u00e7\u00f5es relacionadas com compras.<\/span><\/p>\n<p>&nbsp;<\/p>\n<p><span style=\"font-weight: 400;\">Para esses fornecedores, recomendamos que voc\u00ea leia as respectivas pol\u00edticas de privacidade para que voc\u00ea possa entender a maneira pela qual suas informa\u00e7\u00f5es pessoais ser\u00e3o usadas por eles.<\/span><\/p>\n<p>&nbsp;<\/p>\n<p><span style=\"font-weight: 400;\">Ressaltamos que uma vez que voc\u00ea deixe o <\/span><i><span style=\"font-weight: 400;\">site <\/span><\/i><span style=\"font-weight: 400;\">da nossa loja ou seja redirecionado para um aplicativo ou <\/span><i><span style=\"font-weight: 400;\">site <\/span><\/i><span style=\"font-weight: 400;\">de terceiros, voc\u00ea n\u00e3o ser\u00e1 mais regido por essa Pol\u00edtica de Privacidade ou pelos Termos de Servi\u00e7o do nosso site.<\/span><\/p>\n<p>&nbsp;<\/p>\n<p><span style=\"font-weight: 400;\">Quando voc\u00ea clica em <\/span><i><span style=\"font-weight: 400;\">links<\/span><\/i><span style=\"font-weight: 400;\"> na nossa loja, pode haver um direcionamento para fora do nosso <\/span><i><span style=\"font-weight: 400;\">site<\/span><\/i><span style=\"font-weight: 400;\">. N\u00e3o somos respons\u00e1veis pelas pr\u00e1ticas de privacidade de outros <\/span><i><span style=\"font-weight: 400;\">sites<\/span><\/i><span style=\"font-weight: 400;\"> e lhe incentivamos a ler as declara\u00e7\u00f5es de privacidade deles.<\/span><\/p>\n<h4 class=\"rte\"><\/h4>\n<h4><b>SE\u00c7\u00c3O 5 \u2013 DIVULGA\u00c7\u00c3O<\/b><\/h4>\n<h4><span style=\"font-weight: 400;\">Em certas circunst\u00e2ncias, a CORDA poder\u00e1 divulgar Dados Pessoais, na medida necess\u00e1ria ou apropriada, para \u00f3rg\u00e3os governamentais, consultores e outros terceiros com o objetivo de cumprir com a legisla\u00e7\u00e3o aplic\u00e1vel ou com uma ordem ou intima\u00e7\u00e3o judicial ou, ainda, se a empresa acreditar que tal a\u00e7\u00e3o seja necess\u00e1ria para:<\/span><\/h4>\n<h4><span style=\"font-weight: 400;\">I. Cumprir com uma legisla\u00e7\u00e3o que exija tal divulga\u00e7\u00e3o.<\/span><\/h4>\n<h4><span style=\"font-weight: 400;\">II. Investigar, impedir ou tomar medidas relacionadas a atividades ilegais suspeitas ou reais ou para cooperar com \u00f3rg\u00e3os p\u00fablicos ou para proteger a seguran\u00e7a de seus clientes.<\/span><\/h4>\n<h4><span style=\"font-weight: 400;\">III. Execu\u00e7\u00e3o de seus contratos.<\/span><\/h4>\n<h4><span style=\"font-weight: 400;\">IV. Investigar e se defender contra quaisquer reivindica\u00e7\u00f5es ou alega\u00e7\u00f5es de terceiros.<\/span><\/h4>\n<h4><span style=\"font-weight: 400;\">V. Proteger a seguran\u00e7a ou a integridade dos servi\u00e7os.<\/span><\/h4>\n<h4><span style=\"font-weight: 400;\">VI. Exercer ou proteger os direitos, a propriedade e a seguran\u00e7a da CORDA e suas empresas coligadas.<\/span><\/h4>\n<h4><span style=\"font-weight: 400;\">VII. Proteger os direitos e a seguran\u00e7a pessoal de seus funcion\u00e1rios, usu\u00e1rios ou do p\u00fablico.<\/span><\/h4>\n<h4><span style=\"font-weight: 400;\">VIII. Em caso reorganiza\u00e7\u00e3o societ\u00e1ria da CORDA.<\/span><\/h4>\n<h4 class=\"rte\"><\/h4>\n<h4><span style=\"font-weight: 400;\">A CORDA cientificar\u00e1 os respectivos clientes sobre eventuais demandas legais que resultem na divulga\u00e7\u00e3o de informa\u00e7\u00f5es pessoais, nos termos do que foi exposto no item 4, a menos que tal cientifica\u00e7\u00e3o seja vedada por lei ou proibida por mandado judicial ou, ainda, se a requisi\u00e7\u00e3o for emergencial. A CORDA poder\u00e1 contestar essas demandas se julgar que as solicita\u00e7\u00f5es s\u00e3o excessivas, vagas ou feitas por autoridades incompetentes.<\/span><\/h4>\n<h4 class=\"rte\"><\/h4>\n<h4><b>SE\u00c7\u00c3O 6 \u2013 SEGURAN\u00c7A<\/b><\/h4>\n<p><span style=\"font-weight: 400;\">Todos os Dados Pessoais ser\u00e3o guardados na base de dados da CORDA ou em base de dados mantidas pelos fornecedores de servi\u00e7os contratados pela empresa, os quais est\u00e3o devidamente de acordo com a legisla\u00e7\u00e3o de dados vigente.<\/span><\/p>\n<p><span style=\"font-weight: 400;\">A CORDA e seus fornecedores utilizam v\u00e1rios procedimentos de seguran\u00e7a para proteger a confidencialidade, seguran\u00e7a e integridade de todos os Dados Pessoais coletados, prevenindo a ocorr\u00eancia de eventuais danos em virtude do tratamento desses dados.<\/span><\/p>\n<p><span style=\"font-weight: 400;\">Embora a CORDA utilize medidas de seguran\u00e7a e monitore seu sistema para verificar vulnerabilidades e ataques para proteger Dados Pessoais contra divulga\u00e7\u00e3o n\u00e3o autorizada, mau uso ou altera\u00e7\u00e3o, o cliente entende e concorda que n\u00e3o h\u00e1 garantias de que as informa\u00e7\u00f5es n\u00e3o poder\u00e3o ser acessadas, divulgadas, alteradas ou destru\u00eddas por viola\u00e7\u00e3o de qualquer uma das prote\u00e7\u00f5es f\u00edsicas, t\u00e9cnicas ou administrativas.<\/span><\/p>\n<p><span style=\"font-weight: 400;\">Finalmente, na hip\u00f3tese de voc\u00ea nos fornecer as suas informa\u00e7\u00f5es de cart\u00e3o de cr\u00e9dito, esse dado ser\u00e1 criptografado usando tecnologia &#8220;secure socket layer&#8221; (SSL) e armazenada com uma criptografia AES-256. Embora nenhum m\u00e9todo de transmiss\u00e3o pela Internet ou armazenamento eletr\u00f4nico \u00e9 100% seguro, n\u00f3s seguimos todos os requisitos da PCI-DSS e implementamos padr\u00f5es adicionais geralmente aceitos pela ind\u00fastria.<\/span><\/p>\n<h4><\/h4>\n<h4><b>SE\u00c7\u00c3O 7 &#8211; ALTERA\u00c7\u00d5ES PARA ESSA POL\u00cdTICA DE PRIVACIDADE<\/b><\/h4>\n<p><span style=\"font-weight: 400;\">Reservamos o direito de modificar essa pol\u00edtica de privacidade a qualquer momento, de toda sorte tais altera\u00e7\u00f5es ser\u00e3o disponibilizadas em local de f\u00e1cil acesso no endere\u00e7o eletr\u00f4nico da CORDA. Altera\u00e7\u00f5es e esclarecimentos v\u00e3o surtir efeito imediatamente ap\u00f3s sua publica\u00e7\u00e3o no <\/span><i><span style=\"font-weight: 400;\">site<\/span><\/i><span style=\"font-weight: 400;\">.\u00a0<\/span><\/p>\n<p>&nbsp;<\/p>\n<p><span style=\"font-weight: 400;\">Caso o cliente tenha quaisquer quest\u00f5es a respeito da pol\u00edtica de privacidade, por favor, entre em contato com a empresa, por meio dos canais de atendimento indicados acima.<\/span><\/p>\n<p>&nbsp;<\/p>\n<p><span style=\"font-weight: 400;\">Se nossa empresa for adquirida ou fundida com outra, suas informa\u00e7\u00f5es podem ser transferidas para os novos propriet\u00e1rios para que possamos continuar a vender produtos para voc\u00ea.<\/span><\/p>\n<h4 class=\"rte\"><\/h4>\n<\/div>\n<\/div>\n<\/div>\n<p>[\/vc_column_text][vc_empty_space height=&#8221;58px&#8221; el_class=&#8221;hidden-md hidden-sm hidden-xs&#8221;][vc_empty_space height=&#8221;30px&#8221;][\/vc_column][\/vc_row]<\/p>\n","protected":false},"excerpt":{"rendered":"<p>[vc_row][vc_column][vc_empty_space height=&#8221;54px&#8221; el_class=&#8221;hidden-md hidden-sm hidden-xs&#8221;][vc_column_text] POL\u00cdTICA DE PRIVACIDADE ESPA\u00c7O CORDA SE\u00c7\u00c3O 1 &#8211; O QUE FAREMOS COM ESTA INFORMA\u00c7\u00c3O? A CORDA valoriza a privacidade de seus clientes e disponibiliza esta Pol\u00edtica de Privacidade para demonstrar seu compromisso em proteger seus Dados Pessoais, nos termos da Lei Geral de Prote\u00e7\u00e3o de Dados (LGPD \u2013 Lei n\u00ba [&hellip;]<\/p>\n","protected":false},"author":1,"featured_media":0,"parent":0,"menu_order":0,"comment_status":"closed","ping_status":"closed","template":"","meta":{"footnotes":""},"class_list":["post-4438","page","type-page","status-publish","hentry"],"_links":{"self":[{"href":"https:\/\/espacocorda.com\/loja\/wp-json\/wp\/v2\/pages\/4438","targetHints":{"allow":["GET"]}}],"collection":[{"href":"https:\/\/espacocorda.com\/loja\/wp-json\/wp\/v2\/pages"}],"about":[{"href":"https:\/\/espacocorda.com\/loja\/wp-json\/wp\/v2\/types\/page"}],"author":[{"embeddable":true,"href":"https:\/\/espacocorda.com\/loja\/wp-json\/wp\/v2\/users\/1"}],"replies":[{"embeddable":true,"href":"https:\/\/espacocorda.com\/loja\/wp-json\/wp\/v2\/comments?post=4438"}],"version-history":[{"count":1,"href":"https:\/\/espacocorda.com\/loja\/wp-json\/wp\/v2\/pages\/4438\/revisions"}],"predecessor-version":[{"id":5484,"href":"https:\/\/espacocorda.com\/loja\/wp-json\/wp\/v2\/pages\/4438\/revisions\/5484"}],"wp:attachment":[{"href":"https:\/\/espacocorda.com\/loja\/wp-json\/wp\/v2\/media?parent=4438"}],"curies":[{"name":"wp","href":"https:\/\/api.w.org\/{rel}","templated":true}]}}